{"id":10,"date":"2013-10-11T15:13:49","date_gmt":"2013-10-11T13:13:49","guid":{"rendered":"http:\/\/www.immobilientechnik.at\/?page_id=10"},"modified":"2020-09-02T12:57:14","modified_gmt":"2020-09-02T10:57:14","slug":"startseite","status":"publish","type":"page","link":"http:\/\/www.immobilientechnik.at\/","title":{"rendered":"Startseite"},"content":{"rendered":"<p><strong><span style=\"color: #000000;\">Wir hei\u00dfen Sie auf unserer Seite herzlich Willkommen. <\/span><\/strong><\/p>\n<p>Unsere Firma bietet Ihnen Leistungen h\u00f6chster Qualit\u00e4t. Z\u00f6gern Sie nicht und nehmen Sie unsere Dienste in Anspruch. Wir stehen Ihnen zu jeder Zeit gerne zur Verf\u00fcgung.<\/p>\n<p>Da Sie als Kunde bei uns im Mittelpunkt stehen, widmen wir Ihnen unsere volle Aufmerksamkeit und sind stets um Ihre vollste Zufriedenheit bem\u00fcht.<\/p>\n<h2 style=\"text-align: right;\"><a title=\"Partner\" href=\"http:\/\/www.immobilientechnik.at\/?page_id=134\"><span style=\"color: #911808;\"><strong>Unsere Partner<\/strong><\/span><\/a><\/h2>","protected":false},"excerpt":{"rendered":"<p>Wir hei\u00dfen Sie auf unserer Seite herzlich Willkommen. Unsere Firma bietet Ihnen Leistungen h\u00f6chster Qualit\u00e4t. Z\u00f6gern Sie nicht und nehmen Sie unsere Dienste in Anspruch. Wir stehen Ihnen zu jeder Zeit gerne zur Verf\u00fcgung. Da Sie als Kunde bei uns im Mittelpunkt stehen, widmen wir Ihnen unsere volle Aufmerksamkeit und sind stets um Ihre vollste [&hellip;]<\/p>\n","protected":false},"author":1,"featured_media":0,"parent":0,"menu_order":0,"comment_status":"open","ping_status":"open","template":"","meta":[],"_links":{"self":[{"href":"http:\/\/www.immobilientechnik.at\/index.php?rest_route=\/wp\/v2\/pages\/10"}],"collection":[{"href":"http:\/\/www.immobilientechnik.at\/index.php?rest_route=\/wp\/v2\/pages"}],"about":[{"href":"http:\/\/www.immobilientechnik.at\/index.php?rest_route=\/wp\/v2\/types\/page"}],"author":[{"embeddable":true,"href":"http:\/\/www.immobilientechnik.at\/index.php?rest_route=\/wp\/v2\/users\/1"}],"replies":[{"embeddable":true,"href":"http:\/\/www.immobilientechnik.at\/index.php?rest_route=%2Fwp%2Fv2%2Fcomments&post=10"}],"version-history":[{"count":13,"href":"http:\/\/www.immobilientechnik.at\/index.php?rest_route=\/wp\/v2\/pages\/10\/revisions"}],"predecessor-version":[{"id":207,"href":"http:\/\/www.immobilientechnik.at\/index.php?rest_route=\/wp\/v2\/pages\/10\/revisions\/207"}],"wp:attachment":[{"href":"http:\/\/www.immobilientechnik.at\/index.php?rest_route=%2Fwp%2Fv2%2Fmedia&parent=10"}],"curies":[{"name":"wp","href":"https:\/\/api.w.org\/{rel}","templated":true}]}}