{"id":109,"date":"2013-10-26T11:18:07","date_gmt":"2013-10-26T09:18:07","guid":{"rendered":"http:\/\/www.immobilientechnik.at\/?page_id=109"},"modified":"2020-09-02T11:12:18","modified_gmt":"2020-09-02T09:12:18","slug":"technische-hausverwaltung","status":"publish","type":"page","link":"http:\/\/www.immobilientechnik.at\/?page_id=109","title":{"rendered":"Technische Hausverwaltung"},"content":{"rendered":"<p><img loading=\"lazy\" class=\"alignnone size-full wp-image-102\" src=\"http:\/\/www.immobilientechnik.at\/wp-content\/uploads\/slider_startseite.jpg\" alt=\"\" width=\"640\" height=\"300\" srcset=\"http:\/\/www.immobilientechnik.at\/wp-content\/uploads\/slider_startseite.jpg 640w, http:\/\/www.immobilientechnik.at\/wp-content\/uploads\/slider_startseite-300x140.jpg 300w\" sizes=\"(max-width: 640px) 100vw, 640px\" \/><br \/>\nIm Rahmen der technischen Hausverwaltung sorgen wir f\u00fcr die Effektivit\u00e4t und Kostenkontrolle der laufenden Instandhaltung und k\u00fcmmern uns um die Ausf\u00fchrung von notwendigen Reparaturarbeiten.<\/p>\n<p>&#x25fe; Laufende \u00dcberwachung des baulichen Zustandes und Erstellung von Zustandsberichten<br \/>\n&#x25fe; Steuerung von Bauma\u00dfnahmen<br \/>\n&#x25fe; Zusammenarbeit mit Architekten, Planern, Bauunternehmern und Beh\u00f6rden<br \/>\n&#x25fe; Begleitung von der Planung bis zur Abnahme<br \/>\n&#x25fe; Beratung bei Sanierungs-, Modernisierungs-, Umbau- und Energiesparma\u00dfnahmen<br \/>\n&#x25fe; Vorausplanung von Instandhaltungs- und Instandsetzungsma\u00dfnahmen<br \/>\n&#x25fe; Auswahl geeigneter Fachfirmen und Abschluss von Wartungsvertr\u00e4gen<br \/>\n&#x25fe; Vergabe und \u00dcberwachung von Reinigungs-, Wartungs- und Reparaturarbeiten<br \/>\n&#x25fe; Sofortma\u00dfnahmen bei Notf\u00e4llen<br \/>\n&#x25fe; Wir \u00fcbergeben oder nehmen ihre Mietfl\u00e4chen zur\u00fcck, protokolieren bei R\u00fccknahmen den Zustand und leiten umgehend alle n\u00f6tigen Ma\u00dfnahmen ein um eine schnelle Weitervermietung zu gew\u00e4hrleisten.<\/p>\n<p>Unsere Aufgabe ist es, Sie als Eigent\u00fcmer weitgehend zu entlasten.<br \/>\nVertrauen Sie uns Ihre Immobilie an \u2013 wir freuen uns auf Ihre Anfrage ganz im Sinne einer nachhaltigen Betreuung.<\/p>","protected":false},"excerpt":{"rendered":"<p>Im Rahmen der technischen Hausverwaltung sorgen wir f\u00fcr die Effektivit\u00e4t und Kostenkontrolle der laufenden Instandhaltung und k\u00fcmmern uns um die Ausf\u00fchrung von notwendigen Reparaturarbeiten. &#x25fe; Laufende \u00dcberwachung des baulichen Zustandes und Erstellung von Zustandsberichten &#x25fe; Steuerung von Bauma\u00dfnahmen &#x25fe; Zusammenarbeit mit Architekten, Planern, Bauunternehmern und Beh\u00f6rden &#x25fe; Begleitung von der Planung bis zur Abnahme &#x25fe; [&hellip;]<\/p>\n","protected":false},"author":1,"featured_media":0,"parent":0,"menu_order":0,"comment_status":"open","ping_status":"open","template":"","meta":[],"_links":{"self":[{"href":"http:\/\/www.immobilientechnik.at\/index.php?rest_route=\/wp\/v2\/pages\/109"}],"collection":[{"href":"http:\/\/www.immobilientechnik.at\/index.php?rest_route=\/wp\/v2\/pages"}],"about":[{"href":"http:\/\/www.immobilientechnik.at\/index.php?rest_route=\/wp\/v2\/types\/page"}],"author":[{"embeddable":true,"href":"http:\/\/www.immobilientechnik.at\/index.php?rest_route=\/wp\/v2\/users\/1"}],"replies":[{"embeddable":true,"href":"http:\/\/www.immobilientechnik.at\/index.php?rest_route=%2Fwp%2Fv2%2Fcomments&post=109"}],"version-history":[{"count":5,"href":"http:\/\/www.immobilientechnik.at\/index.php?rest_route=\/wp\/v2\/pages\/109\/revisions"}],"predecessor-version":[{"id":183,"href":"http:\/\/www.immobilientechnik.at\/index.php?rest_route=\/wp\/v2\/pages\/109\/revisions\/183"}],"wp:attachment":[{"href":"http:\/\/www.immobilientechnik.at\/index.php?rest_route=%2Fwp%2Fv2%2Fmedia&parent=109"}],"curies":[{"name":"wp","href":"https:\/\/api.w.org\/{rel}","templated":true}]}}