{"id":29,"date":"2013-10-14T09:52:27","date_gmt":"2013-10-14T07:52:27","guid":{"rendered":"http:\/\/www.immobilientechnik.at\/?page_id=29"},"modified":"2020-09-02T11:54:42","modified_gmt":"2020-09-02T09:54:42","slug":"haustechnik","status":"publish","type":"page","link":"http:\/\/www.immobilientechnik.at\/?page_id=29","title":{"rendered":"Haustechnik"},"content":{"rendered":"<p><a href=\"_wp_link_placeholder\" data-wplink-edit=\"true\"><img loading=\"lazy\" class=\"alignnone size-full wp-image-187\" src=\"http:\/\/www.immobilientechnik.at\/wp-content\/uploads\/slider_hausbetreuung3.jpg\" alt=\"\" width=\"640\" height=\"300\" srcset=\"http:\/\/www.immobilientechnik.at\/wp-content\/uploads\/slider_hausbetreuung3.jpg 640w, http:\/\/www.immobilientechnik.at\/wp-content\/uploads\/slider_hausbetreuung3-300x141.jpg 300w\" sizes=\"(max-width: 640px) 100vw, 640px\" \/><\/a><\/p>\n<p>Unser Wissen und Erfahrung ist Ihre Sicherheit.<\/p>\n<p>\u00dcber die Erstellung von Wartungspl\u00e4nen f\u00fcr Ihre technischen Anlagen, mit den dazugeh\u00f6renden Checklisten, bis zur Ausf\u00fchrung oder \u00dcberwachung der notwendigen Arbeiten bem\u00fchen wir uns um einen reibungslosen Ablauf.<\/p>\n<p>Wartung und Instandhaltung dienen der Werterhaltung Ihrer Immobilie und erm\u00f6glichen einen technisch st\u00f6rungsfreien Betrieb der verschiedenen Anlagen.<\/p>","protected":false},"excerpt":{"rendered":"<p>Unser Wissen und Erfahrung ist Ihre Sicherheit. \u00dcber die Erstellung von Wartungspl\u00e4nen f\u00fcr Ihre technischen Anlagen, mit den dazugeh\u00f6renden Checklisten, bis zur Ausf\u00fchrung oder \u00dcberwachung der notwendigen Arbeiten bem\u00fchen wir uns um einen reibungslosen Ablauf. Wartung und Instandhaltung dienen der Werterhaltung Ihrer Immobilie und erm\u00f6glichen einen technisch st\u00f6rungsfreien Betrieb der verschiedenen Anlagen.<\/p>\n","protected":false},"author":1,"featured_media":0,"parent":0,"menu_order":1,"comment_status":"open","ping_status":"open","template":"","meta":[],"_links":{"self":[{"href":"http:\/\/www.immobilientechnik.at\/index.php?rest_route=\/wp\/v2\/pages\/29"}],"collection":[{"href":"http:\/\/www.immobilientechnik.at\/index.php?rest_route=\/wp\/v2\/pages"}],"about":[{"href":"http:\/\/www.immobilientechnik.at\/index.php?rest_route=\/wp\/v2\/types\/page"}],"author":[{"embeddable":true,"href":"http:\/\/www.immobilientechnik.at\/index.php?rest_route=\/wp\/v2\/users\/1"}],"replies":[{"embeddable":true,"href":"http:\/\/www.immobilientechnik.at\/index.php?rest_route=%2Fwp%2Fv2%2Fcomments&post=29"}],"version-history":[{"count":7,"href":"http:\/\/www.immobilientechnik.at\/index.php?rest_route=\/wp\/v2\/pages\/29\/revisions"}],"predecessor-version":[{"id":188,"href":"http:\/\/www.immobilientechnik.at\/index.php?rest_route=\/wp\/v2\/pages\/29\/revisions\/188"}],"wp:attachment":[{"href":"http:\/\/www.immobilientechnik.at\/index.php?rest_route=%2Fwp%2Fv2%2Fmedia&parent=29"}],"curies":[{"name":"wp","href":"https:\/\/api.w.org\/{rel}","templated":true}]}}