{"id":31,"date":"2013-10-14T09:53:29","date_gmt":"2013-10-14T07:53:29","guid":{"rendered":"http:\/\/www.immobilientechnik.at\/?page_id=31"},"modified":"2013-10-22T21:34:28","modified_gmt":"2013-10-22T19:34:28","slug":"handwerkervermittlung","status":"publish","type":"page","link":"http:\/\/www.immobilientechnik.at\/?page_id=31","title":{"rendered":"Handwerkervermittlung"},"content":{"rendered":"<p><img alt=\"handwerkervermittlung\" src=\"http:\/\/www.immobilientechnik.at\/wp-content\/uploads\/slider_handwerkervermittlung.jpg\" \/><\/p>\n<p>Sie wollen umbauen, sanieren oder einfach nur Ihr Geb\u00e4ude versch\u00f6nern?<\/p>\n<p>Nach einem unverbindlichen Erstgespr\u00e4ch, holen wir die passenden Angebote f\u00fcr Ihr Vorhaben ein. Nach Absprache vermitteln wir Ihnen die erforderlichen Handwerker, planen und koordinieren das Projekt bis zum Abschluss. <\/p>\n<p>IHR VORTEIL: Ein Ansprechpartner f\u00fcr ALLE Angelegenheiten.<\/p>","protected":false},"excerpt":{"rendered":"<p>Sie wollen umbauen, sanieren oder einfach nur Ihr Geb\u00e4ude versch\u00f6nern? Nach einem unverbindlichen Erstgespr\u00e4ch, holen wir die passenden Angebote f\u00fcr Ihr Vorhaben ein. Nach Absprache vermitteln wir Ihnen die erforderlichen Handwerker, planen und koordinieren das Projekt bis zum Abschluss. IHR VORTEIL: Ein Ansprechpartner f\u00fcr ALLE Angelegenheiten.<\/p>\n","protected":false},"author":1,"featured_media":0,"parent":0,"menu_order":2,"comment_status":"open","ping_status":"open","template":"","meta":[],"_links":{"self":[{"href":"http:\/\/www.immobilientechnik.at\/index.php?rest_route=\/wp\/v2\/pages\/31"}],"collection":[{"href":"http:\/\/www.immobilientechnik.at\/index.php?rest_route=\/wp\/v2\/pages"}],"about":[{"href":"http:\/\/www.immobilientechnik.at\/index.php?rest_route=\/wp\/v2\/types\/page"}],"author":[{"embeddable":true,"href":"http:\/\/www.immobilientechnik.at\/index.php?rest_route=\/wp\/v2\/users\/1"}],"replies":[{"embeddable":true,"href":"http:\/\/www.immobilientechnik.at\/index.php?rest_route=%2Fwp%2Fv2%2Fcomments&post=31"}],"version-history":[{"count":8,"href":"http:\/\/www.immobilientechnik.at\/index.php?rest_route=\/wp\/v2\/pages\/31\/revisions"}],"predecessor-version":[{"id":107,"href":"http:\/\/www.immobilientechnik.at\/index.php?rest_route=\/wp\/v2\/pages\/31\/revisions\/107"}],"wp:attachment":[{"href":"http:\/\/www.immobilientechnik.at\/index.php?rest_route=%2Fwp%2Fv2%2Fmedia&parent=31"}],"curies":[{"name":"wp","href":"https:\/\/api.w.org\/{rel}","templated":true}]}}