{"id":37,"date":"2013-10-14T09:54:51","date_gmt":"2013-10-14T07:54:51","guid":{"rendered":"http:\/\/www.immobilientechnik.at\/?page_id=37"},"modified":"2020-09-02T12:55:39","modified_gmt":"2020-09-02T10:55:39","slug":"poolbetreuung","status":"publish","type":"page","link":"http:\/\/www.immobilientechnik.at\/?page_id=37","title":{"rendered":"Poolbetreuung"},"content":{"rendered":"<p><img alt=\"poolbetreuung\" src=\"http:\/\/www.immobilientechnik.at\/wp-content\/uploads\/slider_poolbetreuung.jpg\"><\/p>\n<p>Schwimmb\u00e4der und die dazugeh\u00f6rende Technik ben\u00f6tigen regelm\u00e4\u00dfige Pflege und Wartung. Von der Reinigung des Pools \u00fcber das Einstellen und die laufende Kontrolle der Wasserwerte k\u00fcmmern wir uns um alles was dazugeh\u00f6rt.<\/p>\n<p>Um die beste Wasserqualit\u00e4t zu gew\u00e4hrleisten, vertreiben wir qualitativ hochwertige Schwimmbadchemikalien, die den hohen Anspr\u00fcchen von Badewasser gerecht werden.<\/p>","protected":false},"excerpt":{"rendered":"<p>Schwimmb\u00e4der und die dazugeh\u00f6rende Technik ben\u00f6tigen regelm\u00e4\u00dfige Pflege und Wartung. Von der Reinigung des Pools \u00fcber das Einstellen und die laufende Kontrolle der Wasserwerte k\u00fcmmern wir uns um alles was dazugeh\u00f6rt. Um die beste Wasserqualit\u00e4t zu gew\u00e4hrleisten, vertreiben wir qualitativ hochwertige Schwimmbadchemikalien, die den hohen Anspr\u00fcchen von Badewasser gerecht werden.<\/p>\n","protected":false},"author":1,"featured_media":0,"parent":0,"menu_order":6,"comment_status":"open","ping_status":"open","template":"","meta":[],"_links":{"self":[{"href":"http:\/\/www.immobilientechnik.at\/index.php?rest_route=\/wp\/v2\/pages\/37"}],"collection":[{"href":"http:\/\/www.immobilientechnik.at\/index.php?rest_route=\/wp\/v2\/pages"}],"about":[{"href":"http:\/\/www.immobilientechnik.at\/index.php?rest_route=\/wp\/v2\/types\/page"}],"author":[{"embeddable":true,"href":"http:\/\/www.immobilientechnik.at\/index.php?rest_route=\/wp\/v2\/users\/1"}],"replies":[{"embeddable":true,"href":"http:\/\/www.immobilientechnik.at\/index.php?rest_route=%2Fwp%2Fv2%2Fcomments&post=37"}],"version-history":[{"count":5,"href":"http:\/\/www.immobilientechnik.at\/index.php?rest_route=\/wp\/v2\/pages\/37\/revisions"}],"predecessor-version":[{"id":206,"href":"http:\/\/www.immobilientechnik.at\/index.php?rest_route=\/wp\/v2\/pages\/37\/revisions\/206"}],"wp:attachment":[{"href":"http:\/\/www.immobilientechnik.at\/index.php?rest_route=%2Fwp%2Fv2%2Fmedia&parent=37"}],"curies":[{"name":"wp","href":"https:\/\/api.w.org\/{rel}","templated":true}]}}