{"id":47,"date":"2013-10-14T10:02:57","date_gmt":"2013-10-14T08:02:57","guid":{"rendered":"http:\/\/www.immobilientechnik.at\/?page_id=47"},"modified":"2020-08-31T14:40:25","modified_gmt":"2020-08-31T12:40:25","slug":"impressum","status":"publish","type":"page","link":"http:\/\/www.immobilientechnik.at\/?page_id=47","title":{"rendered":"Impressum"},"content":{"rendered":"<p>Immobilientechnik<br \/>\nInhaber: Erich Gusenbauer<br \/>\nTaxhamgasse 9<br \/>\nA \u2013 5020 Salzburg<\/p>\n<p>Email: <a href=\"mailto:office@immobilientechnik.at\">office@immobilientechnik.at<\/a><br \/>\nTel.: +43 660\/60 66 123<\/p>\n<p>F\u00fcr den Inhalt verantwortlich:<br \/>\nErich Gusenbauer<\/p>\n<p>Alle auf der Immobilientechnik-Webseite verwendeten Texte, Bilder, Grafiken, Ton-, Video- und Animationsdateien unterliegen dem Urheberrecht und anderen Gesetzen zum Schutz des geistigen Eigentums. Ihre Weitergabe, Ver\u00e4nderung, gewerbliche Nutzung oder sonstige Verwendung ist untersagt.<\/p>\n<p>Auf der Immobilientechnik-Webseite wird auf andere Websites verwiesen. Wir betonen ausdr\u00fccklich, dass wir keinen Einfluss auf die Gestaltung und den Inhalt der Seiten haben, auf die verlinkt wird. Wir k\u00f6nnen daher auch keine Gew\u00e4hr f\u00fcr die Aktualit\u00e4t, Korrektheit, Vollst\u00e4ndigkeit oder Qualit\u00e4t der dort bereitgestellten Informationen \u00fcbernehmen. Deshalb distanzieren wir uns hiermit ausdr\u00fccklich von allen Inhalten dieser Seiten. Diese Erkl\u00e4rung gilt f\u00fcr alle auf unseren Seiten enthaltenen Links zu externen Seiten und alle Inhalte dieser Seiten, zu denen diese Links f\u00fchren.<\/p>\n<div style=\"font-size: 8px;\">Theme downloaded from <a href=\"http:\/\/www.96down.com\">96DoWn.com<\/a><\/div>","protected":false},"excerpt":{"rendered":"<p>Immobilientechnik Inhaber: Erich Gusenbauer Taxhamgasse 9 A \u2013 5020 Salzburg Email: office@immobilientechnik.at Tel.: +43 660\/60 66 123 F\u00fcr den Inhalt verantwortlich: Erich Gusenbauer Alle auf der Immobilientechnik-Webseite verwendeten Texte, Bilder, Grafiken, Ton-, Video- und Animationsdateien unterliegen dem Urheberrecht und anderen Gesetzen zum Schutz des geistigen Eigentums. Ihre Weitergabe, Ver\u00e4nderung, gewerbliche Nutzung oder sonstige Verwendung ist [&hellip;]<\/p>\n","protected":false},"author":1,"featured_media":0,"parent":0,"menu_order":7,"comment_status":"open","ping_status":"open","template":"","meta":[],"_links":{"self":[{"href":"http:\/\/www.immobilientechnik.at\/index.php?rest_route=\/wp\/v2\/pages\/47"}],"collection":[{"href":"http:\/\/www.immobilientechnik.at\/index.php?rest_route=\/wp\/v2\/pages"}],"about":[{"href":"http:\/\/www.immobilientechnik.at\/index.php?rest_route=\/wp\/v2\/types\/page"}],"author":[{"embeddable":true,"href":"http:\/\/www.immobilientechnik.at\/index.php?rest_route=\/wp\/v2\/users\/1"}],"replies":[{"embeddable":true,"href":"http:\/\/www.immobilientechnik.at\/index.php?rest_route=%2Fwp%2Fv2%2Fcomments&post=47"}],"version-history":[{"count":8,"href":"http:\/\/www.immobilientechnik.at\/index.php?rest_route=\/wp\/v2\/pages\/47\/revisions"}],"predecessor-version":[{"id":181,"href":"http:\/\/www.immobilientechnik.at\/index.php?rest_route=\/wp\/v2\/pages\/47\/revisions\/181"}],"wp:attachment":[{"href":"http:\/\/www.immobilientechnik.at\/index.php?rest_route=%2Fwp%2Fv2%2Fmedia&parent=47"}],"curies":[{"name":"wp","href":"https:\/\/api.w.org\/{rel}","templated":true}]}}